{"id":82,"date":"2015-03-19T21:02:41","date_gmt":"2015-03-19T21:02:41","guid":{"rendered":"http:\/\/mensch-tier-gemeinsam.de\/htdocs\/?page_id=82"},"modified":"2017-05-22T13:04:11","modified_gmt":"2017-05-22T13:04:11","slug":"entscheidungen-treffen-entscheidungen-umsetzen-geachtet-werden","status":"publish","type":"page","link":"https:\/\/mensch-tier-gemeinsam.de\/htdocs\/kommunikation-persoenlichkeitsentwicklung\/veranstaltungen-zur-kommunikation\/entscheidungen-treffen-entscheidungen-umsetzen-geachtet-werden\/","title":{"rendered":"Entscheidungen treffen, Entscheidungen umsetzen, geachtet werden"},"content":{"rendered":"<div class=\"csRow\">\n<div class=\"csColumnGap\" style=\"margin: 0px; padding: 0px; float: left; width: 1.56%;\"><img decoding=\"async\" src=\"http:\/\/mensch-tier-gemeinsam.de\/htdocs\/wp-content\/plugins\/advanced-wp-columns\/assets\/js\/plugins\/views\/img\/1x1-pixel.png\" alt=\"\" \/><\/div>\n<div class=\"csColumn\" style=\"margin: 0px; padding: 0px; float: left; width: 53%;\" data-csid=\"6abf7b79-d603-3d6a-a4cd-38e6fb3c422e\" data-cswidth=\"53.0%\" data-csendpoint=\"737\" data-csstartpoint=\"228\">\n<p style=\"text-align: left;\"><strong style=\"font-size: 14px;\">F\u00fcr Einsteiger<\/strong><\/p>\n<p>Ob <span style=\"font-size: 14px;\"><strong>am Arbeitsplatz, als Eltern, als Tierhalter oder in der Freizeit<\/strong><\/span>, es gibt immer wieder Situationen, in denen Entscheidungsf\u00e4higkeit und Entschlossenheit erforderlich sind. Oftmals stehen die ausgesprochenen Worte, die Handlungen und die K\u00f6rpersprache im Widerspruch zueinander. Darauf folgt Verwunderung: <strong><em>Wieso werde ich nicht ernst genommen? Wieso macht keiner, was ich sage?.<\/em><\/strong> Vieles geschieht unbewusst, vor allem \u00fcber die K\u00f6rpersprache senden wir die meisten Botschaften unbewusst aus. Das Gegen\u00fcber nimmt diese Botschaften meistens ebenso unbewusst auf. So kommt es dazu, dass man nicht wei\u00df warum, aber dem einen traut man nicht viel zu und den anderen achtet man. Zeigt man k\u00f6rpersprachlich die f\u00fcr die jeweilige Situation n\u00f6tige Selbstsicherheit und Entschlossenheit, werden die getroffenen Entscheidungen und man selbst geachtet.<\/p>\n<p><span style=\"font-size: 14px;\"><strong>Am Beispiel des F\u00fchrens eines Hundes<\/strong><\/span> wird deutlich, ob man eine eigene Entscheidung trifft und ob man diese tats\u00e4chlich umsetzt. Der Hund zeigt in jeder Sekunde an, wie \u201esein\u201c Mensch wirkt. Unsicherer Mensch \u2013&gt; eigenwilliger Hund -&gt; Chaos. Entschlossener Mensch \u2013&gt; sich anpassender Hund \u2013&gt; gelassenes Team.<\/p>\n<p>Lissy, Peppi, Pixel, Daria und Ronja stehen als erfahrene \u201eMitarbeiter\u201c mit ihren unterschiedlichen Pers\u00f6nlichkeiten zur Verf\u00fcgung\u00a0(NUR diese Hunde nehmen teil.). Sie zeigen Ihnen, wenn eine Schwachstelle vorhanden ist. Ich erl\u00e4utere Ihnen, um welche Schwachstelle es sich handelt und wie Sie sie beseitigen k\u00f6nnen. F\u00fcr die <span style=\"font-size: 14px;\"><strong>praktischen Erfahrungen<\/strong><\/span> f\u00fchrt jeder einen Hund. Die Hunde werden so gewechselt, dass jeder eine Zeit lang die Gelegenheit zum Beobachten hat. Dies ist f\u00fcrs <span style=\"font-size: 14px;\"><strong>Erkennen und Verstehen<\/strong> <\/span>der Wechselwirkungen sinnvoll.<span style=\"font-weight: bold;\"><strong>\u00a0<\/strong><\/span><\/p>\n<p><span style=\"font-size: 14px;\"><strong>Das Ziel<\/strong><\/span> ist, dass Sie erfahren, warum Sie bisher in manchen Situationen nicht ernstgenommen wurden und wie Sie sich <span style=\"font-size: 14px;\"><strong>die Achtung anderer verschaffen<\/strong><\/span> k\u00f6nnen.<\/p>\n<p><span style=\"font-size: 14px;\"><strong>Der Treffpunkt:<\/strong><\/span> Windkraftanlagen bei <strong>Oberhof <\/strong>(Gemeinde Sanitz). In Sanitz den Kreisverkehr Richtung Tessin verlassen. Gleich hinter Sanitz links abbiegen nach Oberhof. In Oberhof gleich vorn links abbiegen. Wenn\u2019s holpert, sind Sie richtig und fahren direkt auf die Windkraftanlagen zu. Bitte warm kleiden. Es ist eine windige Gegend (einige Grade k\u00e4lter als z. B. in Rostock), und wir stehen immer mal wieder.<\/p>\n<p><strong>Zeit<\/strong>:\u00a0ca. 1,5 Stunden<\/p>\n<p>Bei Interesse bitte melden! Bei mind. drei Teilnehmern, biete ich es wieder an.<\/p>\n<p><span style=\"font-size: 14px;\"><strong>Preis<\/strong>:<\/span> 17 \u20ac pro Person<\/p>\n<p><span style=\"font-size: 14px;\"><strong>Teilnehmerzahl<\/strong>:<\/span>\u00a0max. 5 Personen<\/p>\n<p>&nbsp;<\/p>\n<\/div>\n<div class=\"csColumnGap\" style=\"margin: 0px; padding: 0px; float: left; width: 1.04%;\"><img decoding=\"async\" src=\"http:\/\/mensch-tier-gemeinsam.de\/htdocs\/wp-content\/plugins\/advanced-wp-columns\/assets\/js\/plugins\/views\/img\/1x1-pixel.png\" alt=\"\" \/><\/div>\n<div class=\"csColumn\" style=\"margin: 0px; padding: 0px; float: left; width: 20.6%;\" data-csid=\"b1c44093-0934-49f7-a19f-78a9f34fdd9b\" data-cswidth=\"20.6%\" data-csendpoint=\"945\" data-csstartpoint=\"747\">\n<p>&nbsp;<\/p>\n<p>Wenn Sie gern teilnehmen w\u00fcrden, Ihnen aber der Termin nicht m\u00f6glich ist, teilen Sie es mir bitte mit.<\/p>\n<\/div>\n<div class=\"csColumnGap\" style=\"margin: 0px; padding: 0px; float: left; width: 1.56%;\"><img decoding=\"async\" src=\"http:\/\/mensch-tier-gemeinsam.de\/htdocs\/wp-content\/plugins\/advanced-wp-columns\/assets\/js\/plugins\/views\/img\/1x1-pixel.png\" alt=\"\" \/><\/div>\n<div style=\"clear: both; float: none; display: block; visibility: hidden; width: 0px; font-size: 0px; line-height: 0;\"><\/div>\n<\/div>\n<p>&nbsp;<\/p>\n","protected":false},"excerpt":{"rendered":"<p>F\u00fcr Einsteiger Ob am Arbeitsplatz, als Eltern, als Tierhalter oder in der Freizeit, es gibt immer wieder Situationen, in denen Entscheidungsf\u00e4higkeit und Entschlossenheit erforderlich sind. Oftmals stehen die ausgesprochenen Worte, die Handlungen und die K\u00f6rpersprache im Widerspruch zueinander. Darauf folgt Verwunderung: Wieso werde ich nicht ernst genommen? Wieso macht keiner, was ich sage?. Vieles geschieht [&hellip;]<\/p>\n","protected":false},"author":1,"featured_media":0,"parent":80,"menu_order":0,"comment_status":"closed","ping_status":"closed","template":"","meta":{"footnotes":""},"class_list":["post-82","page","type-page","status-publish","hentry"],"_links":{"self":[{"href":"https:\/\/mensch-tier-gemeinsam.de\/htdocs\/wp-json\/wp\/v2\/pages\/82","targetHints":{"allow":["GET"]}}],"collection":[{"href":"https:\/\/mensch-tier-gemeinsam.de\/htdocs\/wp-json\/wp\/v2\/pages"}],"about":[{"href":"https:\/\/mensch-tier-gemeinsam.de\/htdocs\/wp-json\/wp\/v2\/types\/page"}],"author":[{"embeddable":true,"href":"https:\/\/mensch-tier-gemeinsam.de\/htdocs\/wp-json\/wp\/v2\/users\/1"}],"replies":[{"embeddable":true,"href":"https:\/\/mensch-tier-gemeinsam.de\/htdocs\/wp-json\/wp\/v2\/comments?post=82"}],"version-history":[{"count":12,"href":"https:\/\/mensch-tier-gemeinsam.de\/htdocs\/wp-json\/wp\/v2\/pages\/82\/revisions"}],"predecessor-version":[{"id":1700,"href":"https:\/\/mensch-tier-gemeinsam.de\/htdocs\/wp-json\/wp\/v2\/pages\/82\/revisions\/1700"}],"up":[{"embeddable":true,"href":"https:\/\/mensch-tier-gemeinsam.de\/htdocs\/wp-json\/wp\/v2\/pages\/80"}],"wp:attachment":[{"href":"https:\/\/mensch-tier-gemeinsam.de\/htdocs\/wp-json\/wp\/v2\/media?parent=82"}],"curies":[{"name":"wp","href":"https:\/\/api.w.org\/{rel}","templated":true}]}}