{"id":88,"date":"2015-03-19T21:08:50","date_gmt":"2015-03-19T21:08:50","guid":{"rendered":"http:\/\/mensch-tier-gemeinsam.de\/htdocs\/?page_id=88"},"modified":"2019-04-28T09:41:51","modified_gmt":"2019-04-28T09:41:51","slug":"ich-moechte-ernst-genommen-werden","status":"publish","type":"page","link":"https:\/\/mensch-tier-gemeinsam.de\/htdocs\/kommunikation-persoenlichkeitsentwicklung\/veranstaltungen-zur-kommunikation\/ich-moechte-ernst-genommen-werden\/","title":{"rendered":"&#8222;Ich m\u00f6chte ernst genommen werden!&#8220;"},"content":{"rendered":"<div class=\"csRow\">\n<div class=\"csColumnGap\" style=\"margin: 0px; padding: 0px; float: left; width: 1.56%;\"><img decoding=\"async\" src=\"http:\/\/mensch-tier-gemeinsam.de\/htdocs\/wp-content\/plugins\/advanced-wp-columns\/assets\/js\/plugins\/views\/img\/1x1-pixel.png\" alt=\"\" \/><\/div>\n<div class=\"csColumn\" style=\"margin: 0px; padding: 0px; float: left; width: 21%;\" data-csid=\"1bdb2db1-594e-1ff2-b482-d00f99067664\" data-cswidth=\"21.0%\" data-csendpoint=\"217\" data-csstartpoint=\"15\">\n<p><span style=\"font-size: 14px;\">Bei Interesse bitte melden. Bei mindestens drei Anmeldungen, k\u00f6nnen wir einen Termin absprechen.<\/span><\/p>\n<\/div>\n<div class=\"csColumn\" style=\"margin: 0px; padding: 0px; float: left; width: 53%;\" data-csid=\"4653d84e-c87a-dfcd-a0a8-ca666cc3c843\" data-cswidth=\"53.0%\" data-csendpoint=\"734\" data-csstartpoint=\"225\">\n<p>Seminar,<strong> viele praktische \u00dcbungen, <\/strong>sehr kleine Gruppe<\/p>\n<p>Manche Menschen werden \u201eeinfach so\u201c ernstgenommen. Manche werden nicht einmal dann geachtet, wenn sie \u00fcber mehr Fachwissen, Lebenserfahrung, eine h\u00f6here Position etc. verf\u00fcgen als ihr Gegen\u00fcber. Am Arbeitsplatz, in der Partnerschaft, als Eltern, als erwachsene\/r Tochter\/ Sohn, \u2026 <strong>Im Leben gibt es Situationen, <\/strong>in denen man ernst genommen werden m\u00f6chte und sollte.<\/p>\n<p>Inhalte dieses Seminars:<\/p>\n<ul>\n<li>Beachtet, akzeptiert, respektiert, geachtet, ernst genommen werden &#8211; Was genau m\u00f6chten Sie?<\/li>\n<li><strong>K\u00f6rperhaltung, Gestik, Mimik <\/strong><\/li>\n<li><strong>Wortwahl und Stimme<\/strong><\/li>\n<li>selbstsicher wirken trotz innerer Unsicherheit<\/li>\n<li>Glaubw\u00fcrdigkeit und \u00dcberzeugungskraft<\/li>\n<\/ul>\n<p>Die k\u00f6rpersprachlichen Wirkungen werden <strong>mit Hunden veranschaulicht<\/strong>. Die anwesenden Hunde gehen nur zu Menschen hin, wenn dies erw\u00fcnscht ist. Wer Angst vor fremden Hunden hat, ist ebenso willkommen wie alle anderen.<\/p>\n<p>Ort:\u00a0 \u00a0 \u00a0 \u00a0 \u00a0 \u00a0 \u00a0 \u00a0 \u00a0B\u00e4belitz 6, 17179 Behren-L\u00fcbchin<\/p>\n<p>Teilnehmer:\u00a0 \u00a0 \u00a0mind. 3, max. 6 (Anmeldung erforderlich)<\/p>\n<p>Dauer: \u00a0 \u00a0 \u00a0 \u00a0 \u00a0 \u00a0 3,5 Stunden<\/p>\n<p>Teilnahmegeb\u00fchr: 35 \u20ac pro Person<\/p>\n<\/div>\n<div class=\"csColumnGap\" style=\"margin: 0px; padding: 0px; float: left; width: 1.25%;\"><img decoding=\"async\" src=\"http:\/\/mensch-tier-gemeinsam.de\/htdocs\/wp-content\/plugins\/advanced-wp-columns\/assets\/js\/plugins\/views\/img\/1x1-pixel.png\" alt=\"\" \/><\/div>\n<div class=\"csColumn\" style=\"margin: 0px; padding: 0px; float: left; width: 20.7%;\" data-csid=\"557ce485-ecbe-5b30-9b5e-c0e9ae57ec79\" data-cswidth=\"20.7%\" data-csendpoint=\"945\" data-csstartpoint=\"746\"><\/div>\n<div class=\"csColumnGap\" style=\"margin: 0px; padding: 0px; float: left; width: 1.56%;\"><img decoding=\"async\" src=\"http:\/\/mensch-tier-gemeinsam.de\/htdocs\/wp-content\/plugins\/advanced-wp-columns\/assets\/js\/plugins\/views\/img\/1x1-pixel.png\" alt=\"\" \/><\/div>\n<div style=\"clear: both; float: none; display: block; visibility: hidden; width: 0px; font-size: 0px; line-height: 0;\"><\/div>\n<\/div>\n","protected":false},"excerpt":{"rendered":"<p>Bei Interesse bitte melden. Bei mindestens drei Anmeldungen, k\u00f6nnen wir einen Termin absprechen. Seminar, viele praktische \u00dcbungen, sehr kleine Gruppe Manche Menschen werden \u201eeinfach so\u201c ernstgenommen. Manche werden nicht einmal dann geachtet, wenn sie \u00fcber mehr Fachwissen, Lebenserfahrung, eine h\u00f6here Position etc. verf\u00fcgen als ihr Gegen\u00fcber. Am Arbeitsplatz, in der Partnerschaft, als Eltern, als erwachsene\/r [&hellip;]<\/p>\n","protected":false},"author":1,"featured_media":0,"parent":80,"menu_order":3,"comment_status":"closed","ping_status":"closed","template":"","meta":{"footnotes":""},"class_list":["post-88","page","type-page","status-publish","hentry"],"_links":{"self":[{"href":"https:\/\/mensch-tier-gemeinsam.de\/htdocs\/wp-json\/wp\/v2\/pages\/88","targetHints":{"allow":["GET"]}}],"collection":[{"href":"https:\/\/mensch-tier-gemeinsam.de\/htdocs\/wp-json\/wp\/v2\/pages"}],"about":[{"href":"https:\/\/mensch-tier-gemeinsam.de\/htdocs\/wp-json\/wp\/v2\/types\/page"}],"author":[{"embeddable":true,"href":"https:\/\/mensch-tier-gemeinsam.de\/htdocs\/wp-json\/wp\/v2\/users\/1"}],"replies":[{"embeddable":true,"href":"https:\/\/mensch-tier-gemeinsam.de\/htdocs\/wp-json\/wp\/v2\/comments?post=88"}],"version-history":[{"count":15,"href":"https:\/\/mensch-tier-gemeinsam.de\/htdocs\/wp-json\/wp\/v2\/pages\/88\/revisions"}],"predecessor-version":[{"id":2362,"href":"https:\/\/mensch-tier-gemeinsam.de\/htdocs\/wp-json\/wp\/v2\/pages\/88\/revisions\/2362"}],"up":[{"embeddable":true,"href":"https:\/\/mensch-tier-gemeinsam.de\/htdocs\/wp-json\/wp\/v2\/pages\/80"}],"wp:attachment":[{"href":"https:\/\/mensch-tier-gemeinsam.de\/htdocs\/wp-json\/wp\/v2\/media?parent=88"}],"curies":[{"name":"wp","href":"https:\/\/api.w.org\/{rel}","templated":true}]}}