{"id":90,"date":"2015-03-19T21:10:27","date_gmt":"2015-03-19T21:10:27","guid":{"rendered":"http:\/\/mensch-tier-gemeinsam.de\/htdocs\/?page_id=90"},"modified":"2016-02-23T20:25:52","modified_gmt":"2016-02-23T20:25:52","slug":"selbstbestimmt-fuehlen-antworten-handeln","status":"publish","type":"page","link":"https:\/\/mensch-tier-gemeinsam.de\/htdocs\/kommunikation-persoenlichkeitsentwicklung\/veranstaltungen-zur-kommunikation\/selbstbestimmt-fuehlen-antworten-handeln\/","title":{"rendered":"Selbstbestimmt  f\u00fchlen, antworten, handeln"},"content":{"rendered":"<div class=\"csRow\">\n<div class=\"csColumnGap\" style=\"margin: 0px; padding: 0px; float: left; width: 1.56%;\"><img decoding=\"async\" src=\"http:\/\/mensch-tier-gemeinsam.de\/htdocs\/wp-content\/plugins\/advanced-wp-columns\/assets\/js\/plugins\/views\/img\/1x1-pixel.png\" alt=\"\" \/><\/div>\n<div class=\"csColumn\" style=\"margin: 0px; padding: 0px; float: left; width: 20.9%;\" data-csid=\"20a8cd95-3b41-935a-b320-b88915f83d13\" data-cswidth=\"20.9%\" data-csendpoint=\"216\" data-csstartpoint=\"15\">\n<p>&nbsp;<\/p>\n<p><span style=\"font-size: 14px; font-weight: bold;\">Termine:<\/span><\/p>\n<p><span style=\"color: #000000;\">Teil I: 20.02.2016, \u00a09 &#8211; 12 Uhr, <\/span><\/p>\n<p><span style=\"color: #000000;\">Teil II: 05.03.2016, \u00a015 &#8211; 18 Uhr<\/span><\/p>\n<p>&nbsp;<\/p>\n<p><span style=\"color: #808080;\">Teil I: Samstag, 21.03.2015, 15 &#8211; 18 Uhr. Teil II: Sonntag, 26.04.2015, 15 &#8211; 18 Uhr<\/span><\/p>\n<\/div>\n<div class=\"csColumnGap\" style=\"margin: 0px; padding: 0px; float: left; width: 1.04%;\"><img decoding=\"async\" src=\"http:\/\/mensch-tier-gemeinsam.de\/htdocs\/wp-content\/plugins\/advanced-wp-columns\/assets\/js\/plugins\/views\/img\/1x1-pixel.png\" alt=\"\" \/><\/div>\n<div class=\"csColumn\" style=\"margin: 0px; padding: 0px; float: left; width: 53%;\" data-csid=\"dab088b3-da5d-3a16-a283-76af549b54b9\" data-cswidth=\"53.0%\" data-csendpoint=\"735\" data-csstartpoint=\"226\">\n<div id=\"content-content\">\n<div id=\"content-content-inner\" class=\"container-content-inner\">\n<div id=\"widget-2fe901d6-ee1d-46f6-b22e-fca8826e386e\" class=\"widget widget-text\">\n<div class=\"widget-content\">\n<p style=\"text-align: left;\">Seminar mit praktischen \u00dcbungen und konkreten Beispielen, sehr kleine Gruppe<\/p>\n<p><span style=\"font-size: 14px;\"><strong>Einf\u00fchlungsverm\u00f6gen<\/strong><\/span>, Feingef\u00fchl, Mitgef\u00fchl, Verantwortungsgef\u00fchl, Umsichtigkeit und Verst\u00e4ndnis sind <span style=\"font-size: 14px;\"><strong>wichtig, um mit anderen gut auskommen zu k\u00f6nnen<\/strong>.<\/span> Diese Gef\u00fchle und F\u00e4higkeiten erm\u00f6glichen innige und vertrauensvolle Beziehungen. Allerdings k\u00f6nnen sie zur <strong>Belastung<\/strong> werden, wenn man \u201eautomatisch\u201c Besorgnis oder Mitleid empfindet, sobald man von einem vernachl\u00e4ssigten Kind h\u00f6rt oder ein gequ\u00e4ltes Tier sieht. F\u00fcr die eigene Gesundheit ist es wichtig, selbst zu <span style=\"font-size: 14px;\"><strong>entscheiden, wann man f\u00fcr sich sorgt <\/strong><\/span>und<span style=\"font-size: 14px;\"><strong> wann man f\u00fcr andere da ist<\/strong><\/span>.<\/p>\n<p>Inhalte Teil I:<\/p>\n<ul>\n<li>Realistisch einsch\u00e4tzen wie es einem Kind, einem Tier, \u2026 geht<\/li>\n<li>Welche Rolle spielen meine eigenen Wunschbilder, Sorgen oder Bef\u00fcrchtungen?<\/li>\n<li>Verantwortungsgef\u00fchl f\u00fcr andere<\/li>\n<li>Verantwortung mir selbst gegen\u00fcber<\/li>\n<\/ul>\n<p>Inhalte Teil II:<\/p>\n<ul>\n<li>Nicht mehr in die Falle bestimmter Fragen oder provokanter Aussagen tappen<\/li>\n<li>Selbst\u00e4ndig eine Entscheidung treffen und diese mitteilen<\/li>\n<li>Glaubw\u00fcrdigkeit durch entsprechende K\u00f6rpersprache<\/li>\n<li>Neue Verhaltensmuster<\/li>\n<li>Die Freiheit zu entscheiden, ob ich ein altes oder neues Verhaltensmuster anwenden m\u00f6chte<\/li>\n<\/ul>\n<p>Die k\u00f6rpersprachlichen Wirkungen werden <strong>mit Tieren veranschaulicht<\/strong>. Die anwesenden Hunde gehen nur zu Menschen hin, wenn dies erw\u00fcnscht ist. Wer Angst vor fremden Hunden hat, ist ebenso willkommen wie alle anderen.<\/p>\n<p>Zeit: \u00a0\u00a0 \u00a0\u00a0\u00a0\u00a0\u00a0\u00a0\u00a0\u00a0\u00a0\u00a0\u00a0 2 x 3 Stunden,<\/p>\n<p>Ort: \u00a0 \u00a0 \u00a0 \u00a0 \u00a0 \u00a0 \u00a0 \u00a0 Sanitzer Stra\u00dfe 19, 18190 Sanitz, OT \u00a0 \u00a0 \u00a0 \u00a0 \u00a0 \u00a0 \u00a0 \u00a0 \u00a0 \u00a0 \u00a0 \u00a0 \u00a0 <strong>Reppelin<\/strong><\/p>\n<p>Teilnahmegeb\u00fchr: 60\u00a0\u20ac pro Person gesamt (Teil I + II)<\/p>\n<p>Teilnehmer: \u00a0 \u00a0 max. 6<\/p>\n<\/div>\n<\/div>\n<\/div>\n<\/div>\n<\/div>\n<div class=\"csColumnGap\" style=\"margin: 0px; padding: 0px; float: left; width: 1.15%;\"><img decoding=\"async\" src=\"http:\/\/mensch-tier-gemeinsam.de\/htdocs\/wp-content\/plugins\/advanced-wp-columns\/assets\/js\/plugins\/views\/img\/1x1-pixel.png\" alt=\"\" \/><\/div>\n<div class=\"csColumn\" style=\"margin: 0px; padding: 0px; float: left; width: 20.7%;\" data-csid=\"b0c2cdc5-29b0-2bdd-b5b7-2c635c45caf4\" data-cswidth=\"20.7%\" data-csendpoint=\"945\" data-csstartpoint=\"746\"><\/div>\n<div class=\"csColumnGap\" style=\"margin: 0px; padding: 0px; float: left; width: 1.56%;\"><img decoding=\"async\" src=\"http:\/\/mensch-tier-gemeinsam.de\/htdocs\/wp-content\/plugins\/advanced-wp-columns\/assets\/js\/plugins\/views\/img\/1x1-pixel.png\" alt=\"\" \/><\/div>\n<div style=\"clear: both; float: none; display: block; visibility: hidden; width: 0px; font-size: 0px; line-height: 0;\"><\/div>\n<\/div>\n<p>&nbsp;<\/p>\n","protected":false},"excerpt":{"rendered":"<p>&nbsp; Termine: Teil I: 20.02.2016, \u00a09 &#8211; 12 Uhr, Teil II: 05.03.2016, \u00a015 &#8211; 18 Uhr &nbsp; Teil I: Samstag, 21.03.2015, 15 &#8211; 18 Uhr. Teil II: Sonntag, 26.04.2015, 15 &#8211; 18 Uhr Seminar mit praktischen \u00dcbungen und konkreten Beispielen, sehr kleine Gruppe Einf\u00fchlungsverm\u00f6gen, Feingef\u00fchl, Mitgef\u00fchl, Verantwortungsgef\u00fchl, Umsichtigkeit und Verst\u00e4ndnis sind wichtig, um mit anderen [&hellip;]<\/p>\n","protected":false},"author":1,"featured_media":0,"parent":80,"menu_order":4,"comment_status":"closed","ping_status":"closed","template":"","meta":{"footnotes":""},"class_list":["post-90","page","type-page","status-publish","hentry"],"_links":{"self":[{"href":"https:\/\/mensch-tier-gemeinsam.de\/htdocs\/wp-json\/wp\/v2\/pages\/90","targetHints":{"allow":["GET"]}}],"collection":[{"href":"https:\/\/mensch-tier-gemeinsam.de\/htdocs\/wp-json\/wp\/v2\/pages"}],"about":[{"href":"https:\/\/mensch-tier-gemeinsam.de\/htdocs\/wp-json\/wp\/v2\/types\/page"}],"author":[{"embeddable":true,"href":"https:\/\/mensch-tier-gemeinsam.de\/htdocs\/wp-json\/wp\/v2\/users\/1"}],"replies":[{"embeddable":true,"href":"https:\/\/mensch-tier-gemeinsam.de\/htdocs\/wp-json\/wp\/v2\/comments?post=90"}],"version-history":[{"count":10,"href":"https:\/\/mensch-tier-gemeinsam.de\/htdocs\/wp-json\/wp\/v2\/pages\/90\/revisions"}],"predecessor-version":[{"id":1079,"href":"https:\/\/mensch-tier-gemeinsam.de\/htdocs\/wp-json\/wp\/v2\/pages\/90\/revisions\/1079"}],"up":[{"embeddable":true,"href":"https:\/\/mensch-tier-gemeinsam.de\/htdocs\/wp-json\/wp\/v2\/pages\/80"}],"wp:attachment":[{"href":"https:\/\/mensch-tier-gemeinsam.de\/htdocs\/wp-json\/wp\/v2\/media?parent=90"}],"curies":[{"name":"wp","href":"https:\/\/api.w.org\/{rel}","templated":true}]}}