{"id":94,"date":"2015-03-19T21:15:05","date_gmt":"2015-03-19T21:15:05","guid":{"rendered":"http:\/\/mensch-tier-gemeinsam.de\/htdocs\/?page_id=94"},"modified":"2019-02-14T21:15:38","modified_gmt":"2019-02-14T21:15:38","slug":"unangenehmes-aussprechen","status":"publish","type":"page","link":"https:\/\/mensch-tier-gemeinsam.de\/htdocs\/kommunikation-persoenlichkeitsentwicklung\/veranstaltungen-zur-kommunikation\/unangenehmes-aussprechen\/","title":{"rendered":"Unangenehmes aussprechen &#8230;"},"content":{"rendered":"<div class=\"csRow\">\n<div class=\"csColumnGap\" style=\"margin: 0px; padding: 0px; float: left; width: 1.56%;\"><img decoding=\"async\" src=\"http:\/\/mensch-tier-gemeinsam.de\/htdocs\/wp-content\/plugins\/advanced-wp-columns\/assets\/js\/plugins\/views\/img\/1x1-pixel.png\" alt=\"\" \/><\/div>\n<div class=\"csColumn\" style=\"margin: 0px; padding: 0px; float: left; width: 20.8%;\" data-csid=\"398f3d43-a22f-0bb4-8600-47f2f2b1469c\" data-cswidth=\"20.8%\" data-csendpoint=\"215\" data-csstartpoint=\"15\">\n<p><span style=\"font-weight: bold; font-size: 14px;\">Termine:<\/span><\/p>\n<p>In \u00e4hnlicher Form:\u00a0<a href=\"http:\/\/mensch-tier-gemeinsam.de\/htdocs\/wp-content\/uploads\/2019\/02\/zielgerichtete_mitteilungen_2019.02.24_03.10.pdf\">zielgerichtete_mitteilungen_2019.02.24_03.10<\/a><\/p>\n<p>Bei Interesse bitte melden! Bei mind. drei Teilnehmern biete ich dieses Seminar wieder an.<\/p>\n<p><span style=\"color: #999999;\">Samstag, <strong>01<\/strong><span style=\"font-size: 14px; font-weight: bold;\">.04.2017<\/span>, 15 &#8211; 18 Uhr<\/span><\/p>\n<\/div>\n<div class=\"csColumnGap\" style=\"margin: 0px; padding: 0px; float: left; width: 1.15%;\"><img decoding=\"async\" src=\"http:\/\/mensch-tier-gemeinsam.de\/htdocs\/wp-content\/plugins\/advanced-wp-columns\/assets\/js\/plugins\/views\/img\/1x1-pixel.png\" alt=\"\" \/><\/div>\n<div class=\"csColumn\" style=\"margin: 0px; padding: 0px; float: left; width: 53.1%;\" data-csid=\"5df6cced-f903-c6e9-a062-ef69f3044023\" data-cswidth=\"53.1%\" data-csendpoint=\"736\" data-csstartpoint=\"226\">\n<div id=\"content-content\">\n<div id=\"content-content-inner\" class=\"container-content-inner\">\n<div id=\"widget-8a3506b7-67bb-4459-a63b-f33267bb74d1\" class=\"widget widget-text\">\n<div class=\"widget-content\">\n<p style=\"text-align: center;\"><span style=\"font-size: 16px; font-weight: bold;\">Unangenehmes aussprechen und \u00fcberzeugen<\/span><\/p>\n<p>Seminar mit praktischen \u00dcbungen und konkreten Beispielen, sehr kleine Gruppe<\/p>\n<p>Mit unserer Sprache stehen uns sehr viele W\u00f6rter zur Verf\u00fcgung. Doch was n\u00fctzt uns das? Oftmals scheint es, als w\u00fcrde in einem Gespr\u00e4ch umso mehr schief gehen, je mehr man sagt. Rechtzeitig und sachlich ausgesprochen <span style=\"font-size: 14px; font-weight: bold;\">kann etwas Negatives eine konstruktive Kritik sein<\/span>, die dem Gespr\u00e4chspartner <span style=\"font-size: 14px; font-weight: bold;\">eine Chance<\/span> gibt und ihm weiterhelfen kann. Etwas Unangenehmes auszusprechen kann auch eine<span style=\"font-weight: bold; font-size: 14px;\"> reinigende Wirkung<\/span> haben. Leider h\u00e4lt man die unangenehmen Dinge oft so lange zur\u00fcck, bis sich Entt\u00e4uschung, Frust o. \u00e4. angestaut haben, was einem friedlichen Gespr\u00e4chsverlauf dann h\u00e4ufig schadet. Au\u00dferdem f\u00e4llt es manchen Menschen leicht, sich positiv zu \u00e4u\u00dfern, w\u00e4hrend sie es als \u00e4u\u00dferst schwierig empfinden, eine negative R\u00fcckmeldung abzugeben. Oder manche Menschen \u00e4u\u00dfern, was ihnen missf\u00e4llt, ihr Gegen\u00fcber scheint es aber gar nicht zu h\u00f6ren. Damit ein Gespr\u00e4ch nach Ihren W\u00fcnschen verl\u00e4uft, ist es wichtig, dass\u00a0<span style=\"font-weight: bold; font-size: 14px;\">K\u00f6rpersprache, Stimme, Inhalt und Wortwahl<\/span>\u00a0\u00fcbereinstimmen. Nur dann kann Ihr Gespr\u00e4chspartner Sie eindeutig verstehen und nur dann wirken Sie glaubw\u00fcrdig und \u00fcberzeugend.<\/p>\n<p>In welcher<span style=\"font-weight: bold; font-size: 14px;\">\u00a0Form<\/span>\u00a0m\u00f6chten Sie jemandem etwas Negatives mitteilen, als unangenehme R\u00fcckmeldung, konstruktive Kritik, Schelte, Zurechtweisung? Oder m\u00f6chten Sie einfach Ihrem Unmut Luft machen?<\/p>\n<p>Was ist Ihre<span style=\"font-size: 14px; font-weight: bold;\">\u00a0Absicht<\/span>? M\u00f6chten Sie Ihrem Gespr\u00e4chspartner &#8222;nur&#8220; etwas mitteilen oder m\u00f6chten Sie Ihr Gegen\u00fcber zu einem anderen Verhalten veranlassen? M\u00f6chten Sie<\/p>\n<ul>\n<li>eine angenehme Atmosph\u00e4re schaffen?<\/li>\n<li>eine vertrauensvolle Atmosph\u00e4re schaffen?<\/li>\n<li>Ihre eigenen Empfindungen mitteilen?<\/li>\n<li>Ihren Standpunkt klarstellen?<\/li>\n<li>Ihren Gespr\u00e4chspartner weiterbringen?<\/li>\n<li>Ihren Gespr\u00e4chspartner zu einem anderen Verhalten in Bezug auf ein Kind, ein Tier,&#8230; bewegen?<\/li>\n<\/ul>\n<p>Auf welcher\u00a0<span style=\"font-size: 14px; font-weight: bold;\">Ebene<\/span>\u00a0m\u00f6chten Sie dieses Gespr\u00e4ch f\u00fchren? Auf Augenh\u00f6he, aufschauend oder niederblickend?<\/p>\n<p>Die k\u00f6rpersprachlichen Wirkungen werden\u00a0<span style=\"font-weight: bold; font-size: 14px;\">mit Tieren veranschaulicht<\/span>. Die anwesenden Hunde gehen nur zu Menschen hin, wenn dies erw\u00fcnscht ist. Wer Angst vor fremden Hunden hat, ist ebenso willkommen wie alle anderen.<\/p>\n<p>Zeit: \u00a0 \u00a0 \u00a0 \u00a0 \u00a0 \u00a0 \u00a0 \u00a03 Stunden<\/p>\n<p>Ort: \u00a0 \u00a0 \u00a0 \u00a0 \u00a0 \u00a0 \u00a0 \u00a0 Sanitzer Stra\u00dfe 19,\u00a018190 Sanitz, \u00a0 \u00a0 \u00a0 \u00a0 \u00a0 \u00a0 \u00a0 \u00a0 \u00a0 \u00a0 \u00a0 \u00a0 \u00a0 \u00a0 \u00a0 \u00a0 OT\u00a0Reppelin<\/p>\n<p>Teilnehmer: \u00a0 \u00a0 max. 6<\/p>\n<p>Teilnahmegeb\u00fchr: 30 \u20ac pro Person<\/p>\n<\/div>\n<\/div>\n<\/div>\n<\/div>\n<\/div>\n<div class=\"csColumnGap\" style=\"margin: 0px; padding: 0px; float: left; width: 0.833%;\"><img decoding=\"async\" src=\"http:\/\/mensch-tier-gemeinsam.de\/htdocs\/wp-content\/plugins\/advanced-wp-columns\/assets\/js\/plugins\/views\/img\/1x1-pixel.png\" alt=\"\" \/><\/div>\n<div class=\"csColumn\" style=\"margin: 0px; padding: 0px; float: left; width: 20.9%;\" data-csid=\"a3268e30-0af3-176f-9e28-86591f1efa82\" data-cswidth=\"20.9%\" data-csendpoint=\"945\" data-csstartpoint=\"744\">\n<p>Das passt dazu:<\/p>\n<p><a class=\" link\" title=\"positive \u00c4u\u00dferungen\" href=\"http:\/\/mensch-tier-gemeinsam.de\/htdocs\/?page_id=92\">Starker Einfluss durch positive \u00c4\u00fc\u00dferungen<\/a><\/p>\n<p><a class=\" link\" title=\"Gespr\u00e4che mit Eltern: offen und sachlich\" href=\"http:\/\/mensch-tier-gemeinsam.de\/htdocs\/?page_id=96\">Gespr\u00e4che mit Eltern: offen und sachlich<\/a><\/p>\n<p><a class=\" link\" title=\"\u201cIch m\u00f6chte ernst genommen werden!\u201d\" href=\"http:\/\/mensch-tier-gemeinsam.de\/htdocs\/?page_id=88\">&#8222;Ich m\u00f6chte ernst genommen werden!&#8220;<\/a><\/p>\n<p><a class=\" link\" title=\"Das Unausgesprochene erkennen\" href=\"http:\/\/mensch-tier-gemeinsam.de\/htdocs\/?page_id=86\">Das Unausgesprochene erkennen<\/a><\/p>\n<\/div>\n<div class=\"csColumnGap\" style=\"margin: 0px; padding: 0px; float: left; width: 1.56%;\"><img decoding=\"async\" src=\"http:\/\/mensch-tier-gemeinsam.de\/htdocs\/wp-content\/plugins\/advanced-wp-columns\/assets\/js\/plugins\/views\/img\/1x1-pixel.png\" alt=\"\" \/><\/div>\n<div style=\"clear: both; float: none; display: block; visibility: hidden; width: 0px; font-size: 0px; line-height: 0;\"><\/div>\n<\/div>\n","protected":false},"excerpt":{"rendered":"<p>Termine: In \u00e4hnlicher Form:\u00a0zielgerichtete_mitteilungen_2019.02.24_03.10 Bei Interesse bitte melden! Bei mind. drei Teilnehmern biete ich dieses Seminar wieder an. Samstag, 01.04.2017, 15 &#8211; 18 Uhr Unangenehmes aussprechen und \u00fcberzeugen Seminar mit praktischen \u00dcbungen und konkreten Beispielen, sehr kleine Gruppe Mit unserer Sprache stehen uns sehr viele W\u00f6rter zur Verf\u00fcgung. Doch was n\u00fctzt uns das? Oftmals scheint [&hellip;]<\/p>\n","protected":false},"author":1,"featured_media":0,"parent":80,"menu_order":6,"comment_status":"closed","ping_status":"open","template":"","meta":{"footnotes":""},"class_list":["post-94","page","type-page","status-publish","hentry"],"_links":{"self":[{"href":"https:\/\/mensch-tier-gemeinsam.de\/htdocs\/wp-json\/wp\/v2\/pages\/94","targetHints":{"allow":["GET"]}}],"collection":[{"href":"https:\/\/mensch-tier-gemeinsam.de\/htdocs\/wp-json\/wp\/v2\/pages"}],"about":[{"href":"https:\/\/mensch-tier-gemeinsam.de\/htdocs\/wp-json\/wp\/v2\/types\/page"}],"author":[{"embeddable":true,"href":"https:\/\/mensch-tier-gemeinsam.de\/htdocs\/wp-json\/wp\/v2\/users\/1"}],"replies":[{"embeddable":true,"href":"https:\/\/mensch-tier-gemeinsam.de\/htdocs\/wp-json\/wp\/v2\/comments?post=94"}],"version-history":[{"count":11,"href":"https:\/\/mensch-tier-gemeinsam.de\/htdocs\/wp-json\/wp\/v2\/pages\/94\/revisions"}],"predecessor-version":[{"id":2299,"href":"https:\/\/mensch-tier-gemeinsam.de\/htdocs\/wp-json\/wp\/v2\/pages\/94\/revisions\/2299"}],"up":[{"embeddable":true,"href":"https:\/\/mensch-tier-gemeinsam.de\/htdocs\/wp-json\/wp\/v2\/pages\/80"}],"wp:attachment":[{"href":"https:\/\/mensch-tier-gemeinsam.de\/htdocs\/wp-json\/wp\/v2\/media?parent=94"}],"curies":[{"name":"wp","href":"https:\/\/api.w.org\/{rel}","templated":true}]}}