{"id":98,"date":"2015-03-19T21:19:13","date_gmt":"2015-03-19T21:19:13","guid":{"rendered":"http:\/\/mensch-tier-gemeinsam.de\/htdocs\/?page_id=98"},"modified":"2018-09-28T20:11:32","modified_gmt":"2018-09-28T20:11:32","slug":"gelungene-verstaendigung-zwischen-erwachsenen-und-kindern","status":"publish","type":"page","link":"https:\/\/mensch-tier-gemeinsam.de\/htdocs\/kommunikation-persoenlichkeitsentwicklung\/veranstaltungen-zur-kommunikation\/gelungene-verstaendigung-zwischen-erwachsenen-und-kindern\/","title":{"rendered":"Gelungene Verst\u00e4ndigung zwischen Erwachsenen und Kindern"},"content":{"rendered":"<div class=\"csRow\">\n<div class=\"csColumnGap\" style=\"margin: 0px; padding: 0px; float: left; width: 1.56%;\"><img decoding=\"async\" src=\"http:\/\/mensch-tier-gemeinsam.de\/htdocs\/wp-content\/plugins\/advanced-wp-columns\/assets\/js\/plugins\/views\/img\/1x1-pixel.png\" alt=\"\" \/><\/div>\n<div class=\"csColumn\" style=\"margin: 0px; padding: 0px; float: left; width: 21%;\" data-csid=\"7a17cc7d-08e0-2bc7-aff3-d03c9ec7d0e5\" data-cswidth=\"21.0%\" data-csendpoint=\"217\" data-csstartpoint=\"15\">\n<p>&nbsp;<\/p>\n<p><span style=\"font-size: 14px; font-weight: bold;\">Termin:<\/span><\/p>\n<p>Auf Wunsch und bei mindestens 3 Teilnehmern, biete ich dieses Seminar gern wieder an.<\/p>\n<p>&nbsp;<\/p>\n<p>&nbsp;<\/p>\n<p>&nbsp;<\/p>\n<\/div>\n<div class=\"csColumnGap\" style=\"margin: 0px; padding: 0px; float: left; width: 0.729%;\"><img decoding=\"async\" src=\"http:\/\/mensch-tier-gemeinsam.de\/htdocs\/wp-content\/plugins\/advanced-wp-columns\/assets\/js\/plugins\/views\/img\/1x1-pixel.png\" alt=\"\" \/><\/div>\n<div class=\"csColumn\" style=\"margin: 0px; padding: 0px; float: left; width: 42.3%;\" data-csid=\"6cb389fd-45ea-4c24-9951-046f20353267\" data-cswidth=\"42.3%\" data-csendpoint=\"630\" data-csstartpoint=\"224\">\n<p style=\"padding-left: 240px; text-align: left;\"><strong>\u00a0<\/strong><\/p>\n<p>Wir Menschen sind h\u00e4ufig auf W\u00f6rter fixiert. Dabei kann man herrlich aneinander vorbeireden und sich wunderbar gr\u00fcndlich missverstehen. <span style=\"font-size: 14px; font-weight: bold;\">K\u00f6rpersprachliche Informationen <\/span>unseres Gegen\u00fcbers nehmen\u00a0wir\u00a0meistens <span style=\"font-size: 14px; font-weight: bold;\">\u201enur\u201c unbewusst<\/span> wahr. Gerade deshalb haben die Aussagen des K\u00f6rpers sowie die Ausstrahlung eine gro\u00dfe Bedeutung im Umgang miteinander, unabh\u00e4ngig vom Alter des Kindes.<\/p>\n<p>Die Folgen von immer wiederkehrenden Missverst\u00e4ndnissen k\u00f6nnen z. B. sein, dass ein Kind unsicher, kontrollierend, ignorant, unruhig, sehr still, sehr laut, \u201efrech\u201c ist, st\u00e4ndig diskutiert, \u2026<\/p>\n<p>Verst\u00e4ndigung gelingt, wenn ich mich mit <strong>K\u00f6rperhaltung, Gestik, Mimik und Stimme<\/strong> <strong>sowie Worten<\/strong> eindeutig mitteile und die komplette Botschaft meines Gegen\u00fcbers wahrnehme und verstehe. Sobald die Verst\u00e4ndigung gelingt, kann ich<strong> Situationen mit Kindern nach meinen W\u00fcnschen gestalten.<\/strong><\/p>\n<p>Im Seminar stehen den Teilnehmern zur Veranschaulichung ca. vier <span style=\"font-weight: bold; font-size: 14px;\">Hunde <\/span>zur Verf\u00fcgung. In der Kommunikation mit Tieren sind Worte meistens nutzlos. Tiere \u201elesen\u201c und reagieren auf die k\u00f6rpersprachlichen Aussagen. Im Vergleich zu Menschen reagieren Tiere einfacher, klarer und direkter und sind deshalb glaubw\u00fcrdige und Erkenntnis bringende \u00dcbungspartner. Die eingesetzten Hunde erf\u00fcllen bestimmte Voraussetzungen. Sie gehen nur zu Menschen hin, die den Kontakt w\u00fcnschen. Dadurch k\u00f6nnen auch Menschen mit Angst vor Hunden teilnehmen.<\/p>\n<p><span style=\"font-weight: bold; font-size: 14px;\">F\u00fcr <\/span>ErzieherInnen, Tagesm\u00fctter\/ -v\u00e4ter,\u00a0LehrerInnen, \u2026<\/p>\n<p><span style=\"font-size: 14px; font-weight: bold;\">F\u00fcr\u00a0<\/span>Eltern, Gro\u00dfeltern, Tante, Onkel \u2026<\/p>\n<p>Geeignet als berufliche Fortbildung und f\u00fcr Laien.<\/p>\n<p>&nbsp;<\/p>\n<p>&nbsp;<\/p>\n<\/div>\n<div class=\"csColumnGap\" style=\"margin: 0px; padding: 0px; float: left; width: 1.56%;\"><img decoding=\"async\" src=\"http:\/\/mensch-tier-gemeinsam.de\/htdocs\/wp-content\/plugins\/advanced-wp-columns\/assets\/js\/plugins\/views\/img\/1x1-pixel.png\" alt=\"\" \/><\/div>\n<div class=\"csColumn\" style=\"margin: 0px; padding: 0px; float: left; width: 31.3%;\" data-csid=\"fd9da4e6-daec-e518-bbb5-bc61d0da1a5a\" data-cswidth=\"31.3%\" data-csendpoint=\"945\" data-csstartpoint=\"645\">\n<p>&nbsp;<\/p>\n<p>&nbsp;<\/p>\n<\/div>\n<div class=\"csColumnGap\" style=\"margin: 0px; padding: 0px; float: left; width: 1.56%;\"><img decoding=\"async\" src=\"http:\/\/mensch-tier-gemeinsam.de\/htdocs\/wp-content\/plugins\/advanced-wp-columns\/assets\/js\/plugins\/views\/img\/1x1-pixel.png\" alt=\"\" \/><\/div>\n<div style=\"clear: both; float: none; display: block; visibility: hidden; width: 0px; font-size: 0px; line-height: 0;\"><\/div>\n<\/div>\n<p>&nbsp;<\/p>\n","protected":false},"excerpt":{"rendered":"<p>&nbsp; Termin: Auf Wunsch und bei mindestens 3 Teilnehmern, biete ich dieses Seminar gern wieder an. &nbsp; &nbsp; &nbsp; \u00a0 Wir Menschen sind h\u00e4ufig auf W\u00f6rter fixiert. Dabei kann man herrlich aneinander vorbeireden und sich wunderbar gr\u00fcndlich missverstehen. K\u00f6rpersprachliche Informationen unseres Gegen\u00fcbers nehmen\u00a0wir\u00a0meistens \u201enur\u201c unbewusst wahr. Gerade deshalb haben die Aussagen des K\u00f6rpers sowie die [&hellip;]<\/p>\n","protected":false},"author":1,"featured_media":0,"parent":80,"menu_order":10,"comment_status":"closed","ping_status":"closed","template":"","meta":{"footnotes":""},"class_list":["post-98","page","type-page","status-publish","hentry"],"_links":{"self":[{"href":"https:\/\/mensch-tier-gemeinsam.de\/htdocs\/wp-json\/wp\/v2\/pages\/98","targetHints":{"allow":["GET"]}}],"collection":[{"href":"https:\/\/mensch-tier-gemeinsam.de\/htdocs\/wp-json\/wp\/v2\/pages"}],"about":[{"href":"https:\/\/mensch-tier-gemeinsam.de\/htdocs\/wp-json\/wp\/v2\/types\/page"}],"author":[{"embeddable":true,"href":"https:\/\/mensch-tier-gemeinsam.de\/htdocs\/wp-json\/wp\/v2\/users\/1"}],"replies":[{"embeddable":true,"href":"https:\/\/mensch-tier-gemeinsam.de\/htdocs\/wp-json\/wp\/v2\/comments?post=98"}],"version-history":[{"count":14,"href":"https:\/\/mensch-tier-gemeinsam.de\/htdocs\/wp-json\/wp\/v2\/pages\/98\/revisions"}],"predecessor-version":[{"id":2058,"href":"https:\/\/mensch-tier-gemeinsam.de\/htdocs\/wp-json\/wp\/v2\/pages\/98\/revisions\/2058"}],"up":[{"embeddable":true,"href":"https:\/\/mensch-tier-gemeinsam.de\/htdocs\/wp-json\/wp\/v2\/pages\/80"}],"wp:attachment":[{"href":"https:\/\/mensch-tier-gemeinsam.de\/htdocs\/wp-json\/wp\/v2\/media?parent=98"}],"curies":[{"name":"wp","href":"https:\/\/api.w.org\/{rel}","templated":true}]}}