{"id":986,"date":"2015-12-21T12:40:52","date_gmt":"2015-12-21T12:40:52","guid":{"rendered":"http:\/\/mensch-tier-gemeinsam.de\/htdocs\/?page_id=986"},"modified":"2018-06-27T19:27:24","modified_gmt":"2018-06-27T19:27:24","slug":"wertschaetzung-der-eigenen-leistungen","status":"publish","type":"page","link":"https:\/\/mensch-tier-gemeinsam.de\/htdocs\/kommunikation-persoenlichkeitsentwicklung\/veranstaltungen-zur-kommunikation\/wertschaetzung-der-eigenen-leistungen\/","title":{"rendered":"Wertsch\u00e4tzung der eigenen Leistungen"},"content":{"rendered":"<p>&nbsp;<\/p>\n<p><strong>Seminar, praktische \u00dcbungen, sehr kleine Gruppe<\/strong><\/p>\n<p>Es ist selbstverst\u00e4ndlich, dass Sie bestimmte Dinge erledigen, w\u00e4hrend andere f\u00fcr eine Kleinigkeit viel Dank und Lob ernten? Anerkennung und <strong>positive R\u00fcckmeldungen geben Kraft<\/strong>, wirken motivierend. Fehlt dies, bereitet einem die T\u00e4tigkeit irgendwann keine Freude mehr. Das fast erwachsene Kind hierhin und dorthin fahren; f\u00fcr den Chef mal wieder etwas Zus\u00e4tzliches erledigen; zugunsten der Partnerin\/ des Partners auf etwas verzichten\u2026<\/p>\n<p><strong>Sie selbst haben den gr\u00f6\u00dften Einfluss<\/strong> darauf, wie andere Ihre Leistungen bewerten. In der Art und Weise, wie Sie \u00fcber Ihre T\u00e4tigkeit sprechen oder etwas \u00fcberreichen, geben Sie die erste und einflussreichste Bewertung ab. Diejenigen, die Ihre Leistungen annehmen, \u00fcbernehmen Ihre Bewertung bzw. \u00e4ndern sie nur minimal. Das ist Ihre Chance!<\/p>\n<p>Inhalt dieses Seminars:<\/p>\n<ul>\n<li>Wie haben Sie bisher Ihre Unterst\u00fctzung\/ Hilfe\/ Leistungen pr\u00e4sentiert?<\/li>\n<li>Welche Wertsch\u00e4tzung w\u00fcnschen Sie sich?<\/li>\n<li><strong>Worte<\/strong> passend zu Ihren W\u00fcnschen\/ Erwartungen w\u00e4hlen<\/li>\n<li>Die <strong>K\u00f6rpersprache<\/strong> auf die gew\u00e4hlte Aussage abstimmen<\/li>\n<li>Die<strong> Handlungsweise<\/strong> an die gew\u00fcnschte Wertsch\u00e4tzung anpassen<\/li>\n<\/ul>\n<p>Die k\u00f6rpersprachlichen Wirkungen werden mit Hunden veranschaulicht. Die anwesenden Hunde gehen nur zu Menschen hin, wenn dies erw\u00fcnscht ist. Wer Angst vor fremden Hunden hat, ist ebenso willkommen wie alle anderen.<\/p>\n<p>Zeit:\u00a0 \u00a0 \u00a0 \u00a0 \u00a0 \u00a0 \u00a0 \u00a0 3 Stunden. <strong>Bei Interesse bitte melden!<\/strong><\/p>\n<p>Ort:\u00a0 \u00a0 \u00a0 \u00a0 \u00a0 \u00a0 \u00a0 \u00a0 \u00a0<strong>B\u00e4belitz<\/strong> 6, 17179 Behren-L\u00fcbchin<\/p>\n<p>Teilnehmer:\u00a0 \u00a0 \u00a0mind. 3, max. 6<\/p>\n<p>Teilnahmegeb\u00fchr: 30 \u20ac pro Person<\/p>\n<p>Druckversion:\u00a0<a href=\"http:\/\/mensch-tier-gemeinsam.de\/htdocs\/wp-content\/uploads\/2018\/05\/wertschaetzung_leistungen_2018_06.24.pdf\">wertschaetzung_leistungen_2018_06.24<\/a><\/p>\n<p>Anmeldung unter 0173\/ 61 72 774 oder info@mensch-tier-gemeinsam.de<\/p>\n","protected":false},"excerpt":{"rendered":"<p>&nbsp; Seminar, praktische \u00dcbungen, sehr kleine Gruppe Es ist selbstverst\u00e4ndlich, dass Sie bestimmte Dinge erledigen, w\u00e4hrend andere f\u00fcr eine Kleinigkeit viel Dank und Lob ernten? Anerkennung und positive R\u00fcckmeldungen geben Kraft, wirken motivierend. Fehlt dies, bereitet einem die T\u00e4tigkeit irgendwann keine Freude mehr. Das fast erwachsene Kind hierhin und dorthin fahren; f\u00fcr den Chef mal [&hellip;]<\/p>\n","protected":false},"author":1,"featured_media":0,"parent":80,"menu_order":8,"comment_status":"closed","ping_status":"closed","template":"","meta":{"footnotes":""},"class_list":["post-986","page","type-page","status-publish","hentry"],"_links":{"self":[{"href":"https:\/\/mensch-tier-gemeinsam.de\/htdocs\/wp-json\/wp\/v2\/pages\/986","targetHints":{"allow":["GET"]}}],"collection":[{"href":"https:\/\/mensch-tier-gemeinsam.de\/htdocs\/wp-json\/wp\/v2\/pages"}],"about":[{"href":"https:\/\/mensch-tier-gemeinsam.de\/htdocs\/wp-json\/wp\/v2\/types\/page"}],"author":[{"embeddable":true,"href":"https:\/\/mensch-tier-gemeinsam.de\/htdocs\/wp-json\/wp\/v2\/users\/1"}],"replies":[{"embeddable":true,"href":"https:\/\/mensch-tier-gemeinsam.de\/htdocs\/wp-json\/wp\/v2\/comments?post=986"}],"version-history":[{"count":10,"href":"https:\/\/mensch-tier-gemeinsam.de\/htdocs\/wp-json\/wp\/v2\/pages\/986\/revisions"}],"predecessor-version":[{"id":1985,"href":"https:\/\/mensch-tier-gemeinsam.de\/htdocs\/wp-json\/wp\/v2\/pages\/986\/revisions\/1985"}],"up":[{"embeddable":true,"href":"https:\/\/mensch-tier-gemeinsam.de\/htdocs\/wp-json\/wp\/v2\/pages\/80"}],"wp:attachment":[{"href":"https:\/\/mensch-tier-gemeinsam.de\/htdocs\/wp-json\/wp\/v2\/media?parent=986"}],"curies":[{"name":"wp","href":"https:\/\/api.w.org\/{rel}","templated":true}]}}